{"id":1998,"date":"2017-06-01T15:09:32","date_gmt":"2017-06-01T18:09:32","guid":{"rendered":"http:\/\/passarini.com.br\/united-states-of-america\/market-analysis-health-regulation-in-united-states-of-america\/"},"modified":"2022-11-01T15:45:46","modified_gmt":"2022-11-01T18:45:46","slug":"market-analysis-health-regulation","status":"publish","type":"page","link":"https:\/\/passarini.com.br\/en\/united-states-of-america\/market-analysis-health-regulation\/","title":{"rendered":"Market Analysis &#8211; Health Regulation in United States of America"},"content":{"rendered":"<p><div class=\"fusion-fullwidth fullwidth-box fusion-builder-row-1 hundred-percent-fullwidth non-hundred-percent-height-scrolling\" style=\"--awb-background-position:center top;--awb-border-sizes-top:0px;--awb-border-sizes-bottom:0px;--awb-border-sizes-left:0px;--awb-border-sizes-right:0px;--awb-border-radius-top-left:0px;--awb-border-radius-top-right:0px;--awb-border-radius-bottom-right:0px;--awb-border-radius-bottom-left:0px;--awb-padding-top:0px;--awb-padding-right:0px;--awb-padding-bottom:0px;--awb-padding-left:0px;--awb-margin-bottom:0px;--awb-flex-wrap:wrap;\" id=\"quem-somos-banner-container\" ><div class=\"fusion-builder-row fusion-row\"><div class=\"fusion-layout-column fusion_builder_column fusion-builder-column-0 fusion_builder_column_1_1 1_1 fusion-one-full fusion-column-first fusion-column-last\" style=\"--awb-bg-size:cover;\"><div class=\"fusion-column-wrapper fusion-flex-column-wrapper-legacy\"><div class=\"fusion-slider-sc fusion-flexslider-loading flexslider flexslider-hover-type-none\" data-slideshow_autoplay=\"1\" data-slideshow_smooth_height=\"0\" data-slideshow_speed=\"7000\" style=\"max-width:100%;height:100%;\" id=\"quem-somos-slider\"><ul class=\"slides\"><li class=\"image\"><span class=\"fusion-image-hover-element hover-type-none\"><img decoding=\"async\" src=\"https:\/\/passarini.com.br\/wp-content\/uploads\/2022\/11\/1920x500_banner_EN_market_analysis_health_regulation_in_usa.webp\" alt=\"Banner Servi\u00e7o EUA Regula\u00e7\u00e3o Sanit\u00e1ria\" width=\"1560\" height=\"406\" class=\"wp-image-8635\" \/><\/span><\/li><\/ul><\/div><div class=\"fusion-clearfix\"><\/div><\/div><\/div><\/div><\/div><div class=\"fusion-fullwidth fullwidth-box fusion-builder-row-2 nonhundred-percent-fullwidth non-hundred-percent-height-scrolling fusion-equal-height-columns\" style=\"--awb-background-position:left top;--awb-border-sizes-top:0px;--awb-border-sizes-bottom:0px;--awb-border-sizes-left:0px;--awb-border-sizes-right:0px;--awb-border-radius-top-left:0px;--awb-border-radius-top-right:0px;--awb-border-radius-bottom-right:0px;--awb-border-radius-bottom-left:0px;--awb-padding-top:60px;--awb-padding-bottom:100px;--awb-flex-wrap:wrap;\" ><div class=\"fusion-builder-row fusion-row\"><div class=\"fusion-layout-column fusion_builder_column fusion-builder-column-1 fusion_builder_column_2_3 2_3 fusion-two-third fusion-column-first\" style=\"--awb-padding-top:40px;--awb-padding-right:40px;--awb-padding-bottom:40px;--awb-padding-left:40px;--awb-bg-color:#ffffff;--awb-bg-color-hover:#ffffff;--awb-bg-size:cover;--awb-border-color:#dddddd;--awb-border-top:1px;--awb-border-right:1px;--awb-border-bottom:1px;--awb-border-left:1px;--awb-border-style:solid;width:65.3333%; margin-right: 4%;\"><div class=\"fusion-column-wrapper fusion-flex-column-wrapper-legacy\"><div class=\"fusion-text fusion-text-1\"><h2>Market Analysis &#8211; Health Regulation in United States of America<\/h2>\n<p>A strategic planning is required when you want to insert a new product in a market, because depending the regulatory bureaucracy of each country, its absence may result in delays, high costs and disruption imposed by the local regulatory bodies.<\/p>\n<p>If your company wants to introduce a new product in the United States, must be attentive to the requirements established by Food and Drug Administration (<a href=\"https:\/\/en.wikipedia.org\/wiki\/Food_and_Drug_Administration\">FDA<\/a>). Advances are being made toward the search for a <a href=\"https:\/\/passarini.com.br\/en\/services\/\">Global<\/a> Harmonization, however, there are still many obstacles that end up making the regularization of the product and its commercialization a complex and bureaucratic process.<\/p>\n<p>Backed by a team with a marketing knowledge, the <strong>Passarini Group<\/strong> offers to its clients a partnership to identify which will be the best strategy taking into consideration the market and its compliance needs.<\/p>\n<p>We count with an extensive network of consultants in the world to evaluate all regulatory requirements, of each significant market, any product of your company\u2019s interest, with the intention to provide the following information:<\/p>\n<ul>\n<li style=\"list-style-type: none;\">\n<ul>\n<li>Study and market research, aiming a better acceptability of the product;<\/li>\n<li>Regulations;<\/li>\n<li>Evaluation of the technical characteristics of each product;<\/li>\n<li>Product classification;<\/li>\n<li>Check-list contemplating the documents required for the submission of the request for registration;<\/li>\n<li>Internal Representation;<\/li>\n<li>Labelling Adjustment;<\/li>\n<li>Cost Estimation;<\/li>\n<li>Time Prediction for regularization of the product;<\/li>\n<li>Post-Market Requirements.<\/li>\n<\/ul>\n<\/li>\n<\/ul>\n<p>Moreover, the <strong>Passarini Group<\/strong> develops an analysis customized to meet a specific need as per request of each <a href=\"https:\/\/passarini.com.br\/en\/contact\/\">customer<\/a>.<\/p>\n<p>Regulatory Check- List:<\/p>\n<p>The <strong>Passarini Group<\/strong> offers to its customers a check-list with the aim of facilitating the regularization of each product. This procedure is intended to simplify the development of the technical dossier to be submitted before the Regulator Body.<\/p>\n<p><strong>Passarini Group<\/strong> is a company that has the best specialists in Regulatory Consultancy of Medical Products, applying the <strong>One Stop Shop<\/strong> concept daily in your company with practical solutions.<\/p>\n<p><a href=\"http:\/\/passarini.com.br\/en\/contact\/\"><span style=\"color: #0000ff;\"><strong>Contact us so we can present our consultancy services and regulatory advice.<\/strong><\/span><\/a><\/p>\n<\/div><div class=\"fusion-clearfix\"><\/div><\/div><\/div><div class=\"fusion-layout-column fusion_builder_column fusion-builder-column-2 fusion_builder_column_1_3 1_3 fusion-one-third fusion-column-last\" style=\"--awb-padding-top:30px;--awb-padding-right:30px;--awb-padding-bottom:30px;--awb-padding-left:30px;--awb-bg-color:#ffffff;--awb-bg-color-hover:#ffffff;--awb-bg-size:cover;--awb-border-color:#dddddd;--awb-border-top:1px;--awb-border-right:1px;--awb-border-bottom:1px;--awb-border-left:1px;--awb-border-style:solid;width:30.6666%;\"><div class=\"fusion-column-wrapper fusion-flex-column-wrapper-legacy\"><div class=\"fusion-widget-area awb-widget-area-element fusion-widget-area-1 fusion-content-widget-area\" style=\"--awb-title-size:18px;--awb-title-color:#333c4e;--awb-padding:0px 0px 0px 0px;\"><div id=\"nav_menu-7\" class=\"widget widget_nav_menu\"><div class=\"heading\"><h4 class=\"widget-title\">Services<\/h4><\/div><div class=\"menu-servicos-eua-ingles-container\"><ul id=\"menu-servicos-eua-ingles\" class=\"menu\"><li id=\"menu-item-2376\" class=\"menu-item menu-item-type-post_type menu-item-object-page menu-item-2376\"><a href=\"https:\/\/passarini.com.br\/en\/united-states-of-america\/market-analysis-health-regulation\/\">Market Analysis \u2013 Health Regulation in United States of America<\/a><\/li>\n<li id=\"menu-item-2378\" class=\"menu-item menu-item-type-post_type menu-item-object-page menu-item-2378\"><a href=\"https:\/\/passarini.com.br\/en\/united-states-of-america\/audits-in-conformity-with-the-qms\/\">Audits in conformity with the QMS<\/a><\/li>\n<li id=\"menu-item-7414\" class=\"menu-item menu-item-type-post_type menu-item-object-page menu-item-7414\"><a href=\"https:\/\/passarini.com.br\/en\/united-states-of-america\/510k-approved\/\">510K approved<\/a><\/li>\n<\/ul><\/div><\/div><div class=\"fusion-additional-widget-content\"><\/div><\/div><div class=\"fusion-widget-area awb-widget-area-element fusion-widget-area-2 fusion-content-widget-area\" style=\"--awb-title-size:18px;--awb-title-color:#333c4e;--awb-padding:0px 0px 0px 0px;\"><div id=\"nav_menu-4\" class=\"widget widget_nav_menu\"><div class=\"heading\"><h4 class=\"widget-title\">Market<\/h4><\/div><div class=\"menu-paises-ingles-container\"><ul id=\"menu-paises-ingles\" class=\"menu\"><li id=\"menu-item-2364\" class=\"menu-item menu-item-type-post_type menu-item-object-page menu-item-2364\"><a href=\"https:\/\/passarini.com.br\/en\/brazil\/\">Brazil<\/a><\/li>\n<li id=\"menu-item-2365\" class=\"menu-item menu-item-type-post_type menu-item-object-page menu-item-2365\"><a href=\"https:\/\/passarini.com.br\/en\/united-states-of-america\/\">United States of America<\/a><\/li>\n<li id=\"menu-item-2367\" class=\"menu-item menu-item-type-post_type menu-item-object-page menu-item-2367\"><a href=\"https:\/\/passarini.com.br\/en\/europe\/\">Europe<\/a><\/li>\n<li id=\"menu-item-9942\" class=\"menu-item menu-item-type-post_type menu-item-object-page menu-item-9942\"><a href=\"https:\/\/passarini.com.br\/en\/bolivia\/\">Bolivia<\/a><\/li>\n<li id=\"menu-item-2369\" class=\"menu-item menu-item-type-post_type menu-item-object-page menu-item-2369\"><a href=\"https:\/\/passarini.com.br\/en\/colombia\/\">Colombia<\/a><\/li>\n<li id=\"menu-item-2368\" class=\"menu-item menu-item-type-post_type menu-item-object-page menu-item-2368\"><a href=\"https:\/\/passarini.com.br\/en\/mexico-regulatory-services\/\">Consulting Services for Mexico<\/a><\/li>\n<li id=\"menu-item-2370\" class=\"menu-item menu-item-type-post_type menu-item-object-page menu-item-2370\"><a href=\"https:\/\/passarini.com.br\/en\/peru-consulting-services\/\">Peru<\/a><\/li>\n<li id=\"menu-item-11182\" class=\"menu-item menu-item-type-post_type menu-item-object-page menu-item-11182\"><a href=\"https:\/\/passarini.com.br\/en\/argentina\/\">Argentina<\/a><\/li>\n<li id=\"menu-item-11180\" class=\"menu-item menu-item-type-post_type menu-item-object-page menu-item-11180\"><a href=\"https:\/\/passarini.com.br\/en\/uruguay\/\">Uruguay<\/a><\/li>\n<li id=\"menu-item-11181\" class=\"menu-item menu-item-type-post_type menu-item-object-page menu-item-11181\"><a href=\"https:\/\/passarini.com.br\/en\/costa-rica\/\">Costa Rica<\/a><\/li>\n<li id=\"menu-item-8768\" class=\"menu-item menu-item-type-post_type menu-item-object-page menu-item-8768\"><a href=\"https:\/\/passarini.com.br\/en\/ecuador-2\/\">Ecuador<\/a><\/li>\n<\/ul><\/div><\/div><div class=\"fusion-additional-widget-content\"><\/div><\/div><div class=\"fusion-clearfix\"><\/div><\/div><\/div><\/div><\/div><\/p>\n","protected":false},"excerpt":{"rendered":"","protected":false},"author":2,"featured_media":0,"parent":1989,"menu_order":0,"comment_status":"closed","ping_status":"closed","template":"100-width.php","meta":{"footnotes":""},"class_list":["post-1998","page","type-page","status-publish","hentry"],"_links":{"self":[{"href":"https:\/\/passarini.com.br\/en\/wp-json\/wp\/v2\/pages\/1998","targetHints":{"allow":["GET"]}}],"collection":[{"href":"https:\/\/passarini.com.br\/en\/wp-json\/wp\/v2\/pages"}],"about":[{"href":"https:\/\/passarini.com.br\/en\/wp-json\/wp\/v2\/types\/page"}],"author":[{"embeddable":true,"href":"https:\/\/passarini.com.br\/en\/wp-json\/wp\/v2\/users\/2"}],"replies":[{"embeddable":true,"href":"https:\/\/passarini.com.br\/en\/wp-json\/wp\/v2\/comments?post=1998"}],"version-history":[{"count":13,"href":"https:\/\/passarini.com.br\/en\/wp-json\/wp\/v2\/pages\/1998\/revisions"}],"predecessor-version":[{"id":9731,"href":"https:\/\/passarini.com.br\/en\/wp-json\/wp\/v2\/pages\/1998\/revisions\/9731"}],"up":[{"embeddable":true,"href":"https:\/\/passarini.com.br\/en\/wp-json\/wp\/v2\/pages\/1989"}],"wp:attachment":[{"href":"https:\/\/passarini.com.br\/en\/wp-json\/wp\/v2\/media?parent=1998"}],"curies":[{"name":"wp","href":"https:\/\/api.w.org\/{rel}","templated":true}]}}