{"id":5005,"date":"2020-07-06T15:44:06","date_gmt":"2020-07-06T18:44:06","guid":{"rendered":"http:\/\/passarini.com.br\/united-states-of-america\/product-registration-in-united-states-of-america\/"},"modified":"2024-03-01T13:32:36","modified_gmt":"2024-03-01T16:32:36","slug":"510k-approved","status":"publish","type":"page","link":"https:\/\/passarini.com.br\/en\/united-states-of-america\/510k-approved\/","title":{"rendered":"510K approved"},"content":{"rendered":"<p><div class=\"fusion-fullwidth fullwidth-box fusion-builder-row-1 hundred-percent-fullwidth non-hundred-percent-height-scrolling\" style=\"--awb-background-position:center top;--awb-border-sizes-top:0px;--awb-border-sizes-bottom:0px;--awb-border-sizes-left:0px;--awb-border-sizes-right:0px;--awb-border-radius-top-left:0px;--awb-border-radius-top-right:0px;--awb-border-radius-bottom-right:0px;--awb-border-radius-bottom-left:0px;--awb-padding-top:0px;--awb-padding-right:0px;--awb-padding-bottom:0px;--awb-padding-left:0px;--awb-margin-bottom:0px;--awb-flex-wrap:wrap;\" id=\"quem-somos-banner-container\" ><div class=\"fusion-builder-row fusion-row\"><div class=\"fusion-layout-column fusion_builder_column fusion-builder-column-0 fusion_builder_column_1_1 1_1 fusion-one-full fusion-column-first fusion-column-last\" style=\"--awb-bg-size:cover;\"><div class=\"fusion-column-wrapper fusion-flex-column-wrapper-legacy\"><div class=\"fusion-slider-sc fusion-flexslider-loading flexslider flexslider-hover-type-none\" data-slideshow_autoplay=\"1\" data-slideshow_smooth_height=\"0\" data-slideshow_speed=\"7000\" style=\"max-width:100%;height:100%;\" id=\"quem-somos-slider\"><ul class=\"slides\"><li class=\"image\"><span class=\"fusion-image-hover-element hover-type-none\"><img decoding=\"async\" src=\"https:\/\/passarini.com.br\/wp-content\/uploads\/2021\/09\/1920x500-banner-estados-unidos-510k.webp\" alt=\"Banner Servi\u00e7o EUA 510k\" width=\"1560\" height=\"406\" class=\"wp-image-8659\" \/><\/span><\/li><\/ul><\/div><div class=\"fusion-clearfix\"><\/div><\/div><\/div><\/div><\/div><div class=\"fusion-fullwidth fullwidth-box fusion-builder-row-2 nonhundred-percent-fullwidth non-hundred-percent-height-scrolling fusion-equal-height-columns\" style=\"--awb-background-position:left top;--awb-border-sizes-top:0px;--awb-border-sizes-bottom:0px;--awb-border-sizes-left:0px;--awb-border-sizes-right:0px;--awb-border-radius-top-left:0px;--awb-border-radius-top-right:0px;--awb-border-radius-bottom-right:0px;--awb-border-radius-bottom-left:0px;--awb-padding-top:60px;--awb-padding-bottom:100px;--awb-flex-wrap:wrap;\" ><div class=\"fusion-builder-row fusion-row\"><div class=\"fusion-layout-column fusion_builder_column fusion-builder-column-1 fusion_builder_column_2_3 2_3 fusion-two-third fusion-column-first\" style=\"--awb-padding-top:40px;--awb-padding-right:40px;--awb-padding-bottom:40px;--awb-padding-left:40px;--awb-bg-color:#ffffff;--awb-bg-color-hover:#ffffff;--awb-bg-size:cover;--awb-border-color:#dddddd;--awb-border-top:1px;--awb-border-right:1px;--awb-border-bottom:1px;--awb-border-left:1px;--awb-border-style:solid;width:65.3333%; margin-right: 4%;\"><div class=\"fusion-column-wrapper fusion-flex-column-wrapper-legacy\"><div class=\"fusion-text fusion-text-1\"><h3><span style=\"color: #000000;\"><strong>510(k) s clearances<\/strong> <strong>(Updated on January 15, 2024)<\/strong><\/span><\/h3>\n<\/div>\n\n<table id=\"tablepress-11\" class=\"tablepress tablepress-id-11\">\n<thead>\n<tr class=\"row-1\">\n\t<th class=\"column-1\"><span style=\"color:#1A4A5D;\"><strong>K Number<\/strong><\/span><\/th><th class=\"column-2\"><span style=\"color:#1A4A5D;\"><strong>Date<\/strong><\/span><\/th><th class=\"column-3\"><span style=\"color:#1A4A5D;\"><strong>Device Name<\/strong><\/span><\/th><th class=\"column-4\"><span style=\"color:#1A4A5D;\"><strong>Company<\/strong><\/span><\/th><th class=\"column-5\"><span style=\"color:#1A4A5D;\"><strong>Product Code<\/strong><\/span><\/th><th class=\"column-6\"><span style=\"color:#1A4A5D;\"><strong>Review Panel<\/strong><\/span><\/th>\n<\/tr>\n<\/thead>\n<tbody class=\"row-striping row-hover\">\n<tr class=\"row-2\">\n\t<td class=\"column-1\"><a href=\"https:\/\/www.accessdata.fda.gov\/cdrh_docs\/pdf18\/K182065.pdf\">K182065<\/a><\/td><td class=\"column-2\"><span style=\"color:#1A4A5D;\">December 13, 2018<\/span><\/td><td class=\"column-3\"><span style=\"color:#1A4A5D;\">Evolux<\/span><\/td><td class=\"column-4\"><span style=\"color:#1A4A5D;\">Blue Dent Dental<\/span><\/td><td class=\"column-5\"><span style=\"color:#1A4A5D;\">EBG<\/span><\/td><td class=\"column-6\"><span style=\"color:#1A4A5D;\">Dental<\/span><\/td>\n<\/tr>\n<tr class=\"row-3\">\n\t<td class=\"column-1\"><a href=\"https:\/\/www.accessdata.fda.gov\/cdrh_docs\/pdf18\/K180626.pdf\">K180626<\/a><\/td><td class=\"column-2\"><span style=\"color:#1A4A5D;\">February 01, 2019<\/span><\/td><td class=\"column-3\"><span style=\"color:#1A4A5D;\">Pedimax II \u2013 Pedicular<\/span><\/td><td class=\"column-4\"><span style=\"color:#1A4A5D;\">GM Dos Reis<\/span><\/td><td class=\"column-5\"><span style=\"color:#1A4A5D;\">NKB<\/span><\/td><td class=\"column-6\"><span style=\"color:#1A4A5D;\">Orthopedic<\/span><\/td>\n<\/tr>\n<tr class=\"row-4\">\n\t<td class=\"column-1\"><a href=\"https:\/\/www.accessdata.fda.gov\/cdrh_docs\/pdf18\/K182609.pdf\">K182609<\/a><\/td><td class=\"column-2\"><span style=\"color:#1A4A5D;\">March 29, 2019<\/span><\/td><td class=\"column-3\"><span style=\"color:#1A4A5D;\">Delphos Implants<\/span><\/td><td class=\"column-4\"><span style=\"color:#1A4A5D;\">Delphos Implants<\/span><\/td><td class=\"column-5\"><span style=\"color:#1A4A5D;\">JEY<\/span><\/td><td class=\"column-6\"><span style=\"color:#1A4A5D;\">Dental<\/span><\/td>\n<\/tr>\n<tr class=\"row-5\">\n\t<td class=\"column-1\"><a href=\"https:\/\/www.accessdata.fda.gov\/cdrh_docs\/pdf18\/K182758.pdf\">K182758<\/a><\/td><td class=\"column-2\"><span style=\"color:#1A4A5D;\">December 05, 2019<\/span><\/td><td class=\"column-3\"><span style=\"color:#1A4A5D;\">MCI - CMF System<\/span><\/td><td class=\"column-4\"><span style=\"color:#1A4A5D;\">MCI Medical<\/span><\/td><td class=\"column-5\"><span style=\"color:#1A4A5D;\">JEY, DZL<\/span><\/td><td class=\"column-6\"><span style=\"color:#1A4A5D;\">Dental<\/span><\/td>\n<\/tr>\n<tr class=\"row-6\">\n\t<td class=\"column-1\"><a href=\"https:\/\/www.accessdata.fda.gov\/cdrh_docs\/pdf18\/K182718.pdf\">K182718<\/a><\/td><td class=\"column-2\"><span style=\"color:#1A4A5D;\">December 23, 2019<\/span><\/td><td class=\"column-3\"><span style=\"color:#1A4A5D;\">Mini and Micro Fragments Reconstruction System \u2013 GMReis<\/span><\/td><td class=\"column-4\"><span style=\"color:#1A4A5D;\">GM Dos Reis<\/span><\/td><td class=\"column-5\"><span style=\"color:#1A4A5D;\">HRS, HWC<\/span><\/td><td class=\"column-6\"><span style=\"color:#1A4A5D;\">Orthopedic<\/span><\/td>\n<\/tr>\n<tr class=\"row-7\">\n\t<td class=\"column-1\"><a href=\"https:\/\/www.accessdata.fda.gov\/cdrh_docs\/pdf18\/K183024.pdf\">K183024<\/a><\/td><td class=\"column-2\"><span style=\"color:#1A4A5D;\">February 13, 2020<\/span><\/td><td class=\"column-3\"><span style=\"color:#1A4A5D;\">Implacil Implant System<\/span><\/td><td class=\"column-4\"><span style=\"color:#1A4A5D;\">Implacil de Bortoli<\/span><\/td><td class=\"column-5\"><span style=\"color:#1A4A5D;\">DZL, NHA<\/span><\/td><td class=\"column-6\"><span style=\"color:#1A4A5D;\">Dental<\/span><\/td>\n<\/tr>\n<tr class=\"row-8\">\n\t<td class=\"column-1\"><a href=\"https:\/\/www.accessdata.fda.gov\/cdrh_docs\/pdf20\/K200332.pdf\">K200332<\/a><\/td><td class=\"column-2\"><span style=\"color:#1A4A5D;\">October 29, 2020<\/span><\/td><td class=\"column-3\"><span style=\"color:#1A4A5D;\">EXPERT \u2013 Joint Fixation<\/span><\/td><td class=\"column-4\"><span style=\"color:#1A4A5D;\">GM Dos Reis<\/span><\/td><td class=\"column-5\"><span style=\"color:#1A4A5D;\">HTN<\/span><\/td><td class=\"column-6\"><span style=\"color:#1A4A5D;\">Orthopedic<\/span><\/td>\n<\/tr>\n<tr class=\"row-9\">\n\t<td class=\"column-1\"><a href=\"https:\/\/www.accessdata.fda.gov\/cdrh_docs\/pdf21\/K212729.pdf\">K212729<\/a><\/td><td class=\"column-2\"><span style=\"color:#1A4A5D;\">May 31, 2022<\/span><\/td><td class=\"column-3\"><span style=\"color:#1A4A5D;\">\tBone Cement-Normal Viscosity<\/span><\/td><td class=\"column-4\"><span style=\"color:#1A4A5D;\">Biomecanica Ind\u00fastria e Com\u00e9rcio de Produtos Ortop\u00e9dicos<\/span><\/td><td class=\"column-5\"><span style=\"color:#1A4A5D;\">LOD<\/span><\/td><td class=\"column-6\"><span style=\"color:#1A4A5D;\">Orthopedic<\/span><\/td>\n<\/tr>\n<tr class=\"row-10\">\n\t<td class=\"column-1\"><a href=\"https:\/\/www.accessdata.fda.gov\/cdrh_docs\/pdf19\/K192839.pdf\">K192839<\/a><\/td><td class=\"column-2\"><span style=\"color:#1A4A5D;\">February 11, 2021<\/span><\/td><td class=\"column-3\"><span style=\"color:#1A4A5D;\">DSP Implant System<\/span><\/td><td class=\"column-4\"><span style=\"color:#1A4A5D;\">D.S.P Industrial Eireli<\/span><\/td><td class=\"column-5\"><span style=\"color:#1A4A5D;\">DZE, NHA<\/span><\/td><td class=\"column-6\"><span style=\"color:#1A4A5D;\">Dental<\/span><\/td>\n<\/tr>\n<tr class=\"row-11\">\n\t<td class=\"column-1\"><a href=\"https:\/\/www.accessdata.fda.gov\/cdrh_docs\/pdf20\/K201728.pdf\">K201728<\/a><\/td><td class=\"column-2\"><span style=\"color:#1A4A5D;\">March 08, 2021<\/span><\/td><td class=\"column-3\"><span style=\"color:#1A4A5D;\">Versalock Periprosthetic Femur Plates System<\/span><\/td><td class=\"column-4\"><span style=\"color:#1A4A5D;\">GM dos Reis Industria e Comercio Ltda<\/span><\/td><td class=\"column-5\"><span style=\"color:#1A4A5D;\">HRS, JDP, HWC, JDQ<\/span><\/td><td class=\"column-6\"><span style=\"color:#1A4A5D;\">Orthopedic<\/span><\/td>\n<\/tr>\n<tr class=\"row-12\">\n\t<td class=\"column-1\"><a href=\"https:\/\/www.accessdata.fda.gov\/cdrh_docs\/pdf22\/K221329.pdf\">K221329<\/a><\/td><td class=\"column-2\"><span style=\"color:#1A4A5D;\">February 22, 2023<\/span><\/td><td class=\"column-3\"><span style=\"color:#1A4A5D;\">Eyer Retinal Camera NM-STD<\/span><\/td><td class=\"column-4\"><span style=\"color:#1A4A5D;\">Phelcom Technologies<\/span><\/td><td class=\"column-5\"><span style=\"color:#1A4A5D;\">HKI<\/span><\/td><td class=\"column-6\"><span style=\"color:#1A4A5D;\">Ophthalmic<\/span><\/td>\n<\/tr>\n<tr class=\"row-13\">\n\t<td class=\"column-1\"><a href=\"https:\/\/www.accessdata.fda.gov\/cdrh_docs\/pdf22\/K222847.pdf\">K222847<\/a><\/td><td class=\"column-2\"><span style=\"color:#1A4A5D;\">May 04, 2023<\/span><\/td><td class=\"column-3\"><span style=\"color:#1A4A5D;\">Ceramic Brackets Orthometric<\/span><\/td><td class=\"column-4\"><span style=\"color:#1A4A5D;\">Orthometric - Industria e Comercio de Produtos Medicos<\/span><\/td><td class=\"column-5\"><span style=\"color:#1A4A5D;\">NJM <\/span><\/td><td class=\"column-6\"><span style=\"color:#1A4A5D;\">Dental<\/span><\/td>\n<\/tr>\n<tr class=\"row-14\">\n\t<td class=\"column-1\"><a href=\"https:\/\/www.accessdata.fda.gov\/cdrh_docs\/pdf22\/K223114.pdf\">K223114<\/a><\/td><td class=\"column-2\"><span style=\"color:#1A4A5D;\">August 02, 2023<\/span><\/td><td class=\"column-3\"><span style=\"color:#1A4A5D;\">Suture Anchors - HTA Headless Titanium Anchor and Zip Anchors<\/span><\/td><td class=\"column-4\"><span style=\"color:#1A4A5D;\">GM Dos Reis<\/span><\/td><td class=\"column-5\"><span style=\"color:#1A4A5D;\">MBI<\/span><\/td><td class=\"column-6\"><span style=\"color:#1A4A5D;\">Orthopedic<\/span><\/td>\n<\/tr>\n<tr class=\"row-15\">\n\t<td class=\"column-1\"><a href=\"https:\/\/www.accessdata.fda.gov\/cdrh_docs\/pdf22\/K221851.pdf\">K221851<\/a><\/td><td class=\"column-2\"><span style=\"color:#1A4A5D;\">December 08, 2023<\/span><\/td><td class=\"column-3\"><span style=\"color:#1A4A5D;\">Lumina-PTFE Titanium<\/span><\/td><td class=\"column-4\"><span style=\"color:#1A4A5D;\">Criteria Industria E Comercio De Produtos Medicinais<br \/>\nE Odontologicos LTDA<\/span><\/td><td class=\"column-5\"><span style=\"color:#1A4A5D;\">NPK<\/span><\/td><td class=\"column-6\"><span style=\"color:#1A4A5D;\">Dental<\/span><\/td>\n<\/tr>\n<\/tbody>\n<\/table>\n\n\n<div class=\"fusion-text fusion-text-2\"><h3><strong style=\"color: #000000;\">Medical Device Establishment Registration and Listing (Updated on January 15, 2024)<\/strong><\/h3>\n<\/div>\n\n<table id=\"tablepress-10\" class=\"tablepress tablepress-id-10\">\n<thead>\n<tr class=\"row-1\">\n\t<th class=\"column-1\"><span style=\"color:#1A4A5D;\"><strong>Company<\/strong><\/span><\/th><th class=\"column-2\"><span style=\"color:#1A4A5D;\"><strong>Establishment Registration<\/strong><\/span><\/th>\n<\/tr>\n<\/thead>\n<tbody class=\"row-striping row-hover\">\n<tr class=\"row-2\">\n\t<td class=\"column-1\"><span style=\"color:#1A4A5D;\">3R INDUSTRIA E COMERCIO LTDA<\/span><\/td><td class=\"column-2\"><a href=\"https:\/\/www.accessdata.fda.gov\/SCRIPTS\/cdrh\/cfdocs\/cfRL\/rl.cfm?rid=21144\">View Registration<\/a><\/td>\n<\/tr>\n<tr class=\"row-3\">\n\t<td class=\"column-1\"><span style=\"color:#1A4A5D;\">ATRASORB INDUSTRIA DE PRODUTOS HOSPITALARES<\/span><\/td><td class=\"column-2\"><a href=\"https:\/\/www.accessdata.fda.gov\/SCRIPTS\/cdrh\/cfdocs\/cfRL\/rl.cfm?rid=181977\">View Registration<\/a><\/td>\n<\/tr>\n<tr class=\"row-4\">\n\t<td class=\"column-1\"><span style=\"color:#1A4A5D;\">BIOTECNO INDUSTRIA E COMERCIO LTDA<\/span><\/td><td class=\"column-2\"><a href=\"https:\/\/www.accessdata.fda.gov\/SCRIPTS\/cdrh\/cfdocs\/cfRL\/rl.cfm?rid=286173\">View Registration<\/a><\/td>\n<\/tr>\n<tr class=\"row-5\">\n\t<td class=\"column-1\"><span style=\"color:#1A4A5D;\">BLUE DENT DENTAL<\/span><\/td><td class=\"column-2\"><a href=\"https:\/\/www.accessdata.fda.gov\/SCRIPTS\/cdrh\/cfdocs\/cfRL\/rl.cfm?rid=210693\">View Registration<\/a><\/td>\n<\/tr>\n<tr class=\"row-6\">\n\t<td class=\"column-1\"><span style=\"color:#1A4A5D;\">D.S.P. INDUSTRIAL EIRELI EPP<\/span><\/td><td class=\"column-2\"><a href=\"https:\/\/www.accessdata.fda.gov\/SCRIPTS\/cdrh\/cfdocs\/cfRL\/rl.cfm?rid=295961\">View Registration<\/a><\/td>\n<\/tr>\n<tr class=\"row-7\">\n\t<td class=\"column-1\"><span style=\"color:#1A4A5D;\">GM DOS REIS INDUSTRIA E COMERCIO LTDA<\/span><\/td><td class=\"column-2\"><a href=\"https:\/\/www.accessdata.fda.gov\/SCRIPTS\/cdrh\/cfdocs\/cfRL\/rl.cfm?rid=227609\">View Registration<\/a><\/td>\n<\/tr>\n<tr class=\"row-8\">\n\t<td class=\"column-1\"><span style=\"color:#1A4A5D;\">IMPLACIL DE BORTOLI MATERIAL ODONTOLOGICO LTDA<\/span><\/td><td class=\"column-2\"><a href=\"https:\/\/www.accessdata.fda.gov\/SCRIPTS\/cdrh\/cfdocs\/cfRL\/rl.cfm?rid=232416\">View Registration<\/a><\/td>\n<\/tr>\n<tr class=\"row-9\">\n\t<td class=\"column-1\"><span style=\"color:#1A4A5D;\">MEDPEJ EQUIPAMENTOS MEDICOS LTDA<\/span><\/td><td class=\"column-2\"><a href=\"https:\/\/www.accessdata.fda.gov\/SCRIPTS\/cdrh\/cfdocs\/cfRL\/rl.cfm?rid=292217\">View Registration<\/a><\/td>\n<\/tr>\n<tr class=\"row-10\">\n\t<td class=\"column-1\"><span style=\"color:#1A4A5D;\">MMTECH PROJETOS TECNOLOGICOS IMPORTACAO E EXPORTACAO LTDA<\/span><\/td><td class=\"column-2\"><a href=\"https:\/\/www.accessdata.fda.gov\/SCRIPTS\/cdrh\/cfdocs\/cfRL\/rl.cfm?rid=319710\">View Registration<\/a><\/td>\n<\/tr>\n<tr class=\"row-11\">\n\t<td class=\"column-1\"><span style=\"color:#1A4A5D;\">OSTEOMED IMPLANTES<\/span><\/td><td class=\"column-2\"><a href=\"https:\/\/www.accessdata.fda.gov\/SCRIPTS\/cdrh\/cfdocs\/cfRL\/rl.cfm?rid=306604\">View Registration<\/a><\/td>\n<\/tr>\n<tr class=\"row-12\">\n\t<td class=\"column-1\"><span style=\"color:#1A4A5D;\">PHELCOM TECHNOLOGIES<\/span><\/td><td class=\"column-2\"><a href=\"https:\/\/www.accessdata.fda.gov\/SCRIPTS\/cdrh\/cfdocs\/cfRL\/rl.cfm?rid=274248\">View Registration<\/a><\/td>\n<\/tr>\n<tr class=\"row-13\">\n\t<td class=\"column-1\"><span style=\"color:#1A4A5D;\">RAZEK EQUIPAMENTOS LTDA<\/span><\/td><td class=\"column-2\"><a href=\"https:\/\/www.accessdata.fda.gov\/SCRIPTS\/cdrh\/cfdocs\/cfRL\/rl.cfm?rid=303679\">View Registration<\/a><\/td>\n<\/tr>\n<tr class=\"row-14\">\n\t<td class=\"column-1\"><span style=\"color:#1A4A5D;\">RUSSER BRASIL LTDA<\/span><\/td><td class=\"column-2\"><a href=\"https:\/\/www.accessdata.fda.gov\/SCRIPTS\/cdrh\/cfdocs\/cfRL\/rl.cfm?rid=228147\">View Registration<\/a><\/td>\n<\/tr>\n<tr class=\"row-15\">\n\t<td class=\"column-1\"><span style=\"color:#1A4A5D;\">SCHOBELL INDUSTRIAL LTDA<\/span><\/td><td class=\"column-2\"><a href=\"https:\/\/www.accessdata.fda.gov\/SCRIPTS\/cdrh\/cfdocs\/cfRL\/rl.cfm?rid=224615\">View Registration<\/a><\/td>\n<\/tr>\n<tr class=\"row-16\">\n\t<td class=\"column-1\"><span style=\"color:#1A4A5D;\">VOLMED BRASIL EQUIPAMENTOS LTDA<\/span><\/td><td class=\"column-2\"><a href=\"https:\/\/www.accessdata.fda.gov\/SCRIPTS\/cdrh\/cfdocs\/cfRL\/rl.cfm?rid=229050\">View Registration<\/a><\/td>\n<\/tr>\n<\/tbody>\n<\/table>\n\n\n<div class=\"fusion-sep-clear\"><\/div><div class=\"fusion-separator fusion-full-width-sep\" style=\"margin-left: auto;margin-right: auto;margin-top:30px;width:100%;\"><\/div><div class=\"fusion-sep-clear\"><\/div><div class=\"fusion-text fusion-text-3\"><p><span style=\"color: #000000;\"><strong><a style=\"color: #000000;\" href=\"http:\/\/passarini.com.br\/contato\/\">Please contact us for more information about the approval of your product by the FDA.<\/a><\/strong><\/span><\/p>\n<\/div><div class=\"fusion-clearfix\"><\/div><\/div><\/div><div class=\"fusion-layout-column fusion_builder_column fusion-builder-column-2 fusion_builder_column_1_3 1_3 fusion-one-third fusion-column-last\" style=\"--awb-padding-top:30px;--awb-padding-right:30px;--awb-padding-bottom:30px;--awb-padding-left:30px;--awb-bg-color:#ffffff;--awb-bg-color-hover:#ffffff;--awb-bg-size:cover;--awb-border-color:#dddddd;--awb-border-top:1px;--awb-border-right:1px;--awb-border-bottom:1px;--awb-border-left:1px;--awb-border-style:solid;width:30.6666%;\"><div class=\"fusion-column-wrapper fusion-flex-column-wrapper-legacy\"><div class=\"fusion-widget-area awb-widget-area-element fusion-widget-area-1 fusion-content-widget-area\" style=\"--awb-title-size:18px;--awb-title-color:#333c4e;--awb-padding:0px 0px 0px 0px;\"><div id=\"nav_menu-7\" class=\"widget widget_nav_menu\"><div class=\"heading\"><h4 class=\"widget-title\">Services<\/h4><\/div><div class=\"menu-servicos-eua-ingles-container\"><ul id=\"menu-servicos-eua-ingles\" class=\"menu\"><li id=\"menu-item-2376\" class=\"menu-item menu-item-type-post_type menu-item-object-page menu-item-2376\"><a href=\"https:\/\/passarini.com.br\/en\/united-states-of-america\/market-analysis-health-regulation\/\">Market Analysis \u2013 Health Regulation in United States of America<\/a><\/li>\n<li id=\"menu-item-2378\" class=\"menu-item menu-item-type-post_type menu-item-object-page menu-item-2378\"><a href=\"https:\/\/passarini.com.br\/en\/united-states-of-america\/audits-in-conformity-with-the-qms\/\">Audits in conformity with the QMS<\/a><\/li>\n<li id=\"menu-item-7414\" class=\"menu-item menu-item-type-post_type menu-item-object-page menu-item-7414\"><a href=\"https:\/\/passarini.com.br\/en\/united-states-of-america\/510k-approved\/\">510K approved<\/a><\/li>\n<\/ul><\/div><\/div><div class=\"fusion-additional-widget-content\"><\/div><\/div><div class=\"fusion-widget-area awb-widget-area-element fusion-widget-area-2 fusion-content-widget-area\" style=\"--awb-title-size:18px;--awb-title-color:#333c4e;--awb-padding:0px 0px 0px 0px;\"><div id=\"nav_menu-4\" class=\"widget widget_nav_menu\"><div class=\"heading\"><h4 class=\"widget-title\">Market<\/h4><\/div><div class=\"menu-paises-ingles-container\"><ul id=\"menu-paises-ingles\" class=\"menu\"><li id=\"menu-item-2364\" class=\"menu-item menu-item-type-post_type menu-item-object-page menu-item-2364\"><a href=\"https:\/\/passarini.com.br\/en\/brazil\/\">Brazil<\/a><\/li>\n<li id=\"menu-item-2365\" class=\"menu-item menu-item-type-post_type menu-item-object-page menu-item-2365\"><a href=\"https:\/\/passarini.com.br\/en\/united-states-of-america\/\">United States of America<\/a><\/li>\n<li id=\"menu-item-2367\" class=\"menu-item menu-item-type-post_type menu-item-object-page menu-item-2367\"><a href=\"https:\/\/passarini.com.br\/en\/europe\/\">Europe<\/a><\/li>\n<li id=\"menu-item-9942\" class=\"menu-item menu-item-type-post_type menu-item-object-page menu-item-9942\"><a href=\"https:\/\/passarini.com.br\/en\/bolivia\/\">Bolivia<\/a><\/li>\n<li id=\"menu-item-2369\" class=\"menu-item menu-item-type-post_type menu-item-object-page menu-item-2369\"><a href=\"https:\/\/passarini.com.br\/en\/colombia\/\">Colombia<\/a><\/li>\n<li id=\"menu-item-2368\" class=\"menu-item menu-item-type-post_type menu-item-object-page menu-item-2368\"><a href=\"https:\/\/passarini.com.br\/en\/mexico-regulatory-services\/\">Consulting Services for Mexico<\/a><\/li>\n<li id=\"menu-item-2370\" class=\"menu-item menu-item-type-post_type menu-item-object-page menu-item-2370\"><a href=\"https:\/\/passarini.com.br\/en\/peru-consulting-services\/\">Peru<\/a><\/li>\n<li id=\"menu-item-11182\" class=\"menu-item menu-item-type-post_type menu-item-object-page menu-item-11182\"><a href=\"https:\/\/passarini.com.br\/en\/argentina\/\">Argentina<\/a><\/li>\n<li id=\"menu-item-11180\" class=\"menu-item menu-item-type-post_type menu-item-object-page menu-item-11180\"><a href=\"https:\/\/passarini.com.br\/en\/uruguay\/\">Uruguay<\/a><\/li>\n<li id=\"menu-item-11181\" class=\"menu-item menu-item-type-post_type menu-item-object-page menu-item-11181\"><a href=\"https:\/\/passarini.com.br\/en\/costa-rica\/\">Costa Rica<\/a><\/li>\n<li id=\"menu-item-8768\" class=\"menu-item menu-item-type-post_type menu-item-object-page menu-item-8768\"><a href=\"https:\/\/passarini.com.br\/en\/ecuador-2\/\">Ecuador<\/a><\/li>\n<\/ul><\/div><\/div><div class=\"fusion-additional-widget-content\"><\/div><\/div><div class=\"fusion-clearfix\"><\/div><\/div><\/div><\/div><\/div><\/p>\n","protected":false},"excerpt":{"rendered":"","protected":false},"author":2,"featured_media":0,"parent":1989,"menu_order":0,"comment_status":"closed","ping_status":"closed","template":"100-width.php","meta":{"footnotes":""},"class_list":["post-5005","page","type-page","status-publish","hentry"],"_links":{"self":[{"href":"https:\/\/passarini.com.br\/en\/wp-json\/wp\/v2\/pages\/5005","targetHints":{"allow":["GET"]}}],"collection":[{"href":"https:\/\/passarini.com.br\/en\/wp-json\/wp\/v2\/pages"}],"about":[{"href":"https:\/\/passarini.com.br\/en\/wp-json\/wp\/v2\/types\/page"}],"author":[{"embeddable":true,"href":"https:\/\/passarini.com.br\/en\/wp-json\/wp\/v2\/users\/2"}],"replies":[{"embeddable":true,"href":"https:\/\/passarini.com.br\/en\/wp-json\/wp\/v2\/comments?post=5005"}],"version-history":[{"count":47,"href":"https:\/\/passarini.com.br\/en\/wp-json\/wp\/v2\/pages\/5005\/revisions"}],"predecessor-version":[{"id":11763,"href":"https:\/\/passarini.com.br\/en\/wp-json\/wp\/v2\/pages\/5005\/revisions\/11763"}],"up":[{"embeddable":true,"href":"https:\/\/passarini.com.br\/en\/wp-json\/wp\/v2\/pages\/1989"}],"wp:attachment":[{"href":"https:\/\/passarini.com.br\/en\/wp-json\/wp\/v2\/media?parent=5005"}],"curies":[{"name":"wp","href":"https:\/\/api.w.org\/{rel}","templated":true}]}}