{"id":7130,"date":"2021-09-19T18:53:49","date_gmt":"2021-09-19T21:53:49","guid":{"rendered":"https:\/\/passarini.com.br\/brazil\/compliance-certification-inmetro-2\/"},"modified":"2021-10-19T16:22:20","modified_gmt":"2021-10-19T19:22:20","slug":"anvisa-license","status":"publish","type":"page","link":"https:\/\/passarini.com.br\/en\/brazil\/anvisa-license\/","title":{"rendered":"Anvisa Notification and Registration | Passarini"},"content":{"rendered":"<div class=\"fusion-fullwidth fullwidth-box fusion-builder-row-1 nonhundred-percent-fullwidth non-hundred-percent-height-scrolling fusion-equal-height-columns\" style=\"--awb-background-position:left top;--awb-border-sizes-top:0px;--awb-border-sizes-bottom:0px;--awb-border-sizes-left:0px;--awb-border-sizes-right:0px;--awb-border-radius-top-left:0px;--awb-border-radius-top-right:0px;--awb-border-radius-bottom-right:0px;--awb-border-radius-bottom-left:0px;--awb-padding-top:60px;--awb-padding-bottom:100px;--awb-flex-wrap:wrap;\" ><div class=\"fusion-builder-row fusion-row\"><div class=\"fusion-layout-column fusion_builder_column fusion-builder-column-0 fusion_builder_column_2_3 2_3 fusion-two-third fusion-column-first\" style=\"--awb-padding-top:40px;--awb-padding-right:40px;--awb-padding-bottom:40px;--awb-padding-left:40px;--awb-bg-color:#ffffff;--awb-bg-color-hover:#ffffff;--awb-bg-size:cover;--awb-border-color:#dddddd;--awb-border-top:1px;--awb-border-right:1px;--awb-border-bottom:1px;--awb-border-left:1px;--awb-border-style:solid;width:65.3333%; margin-right: 4%;\"><div class=\"fusion-column-wrapper fusion-flex-column-wrapper-legacy\"><div class=\"fusion-text fusion-text-1\"><h1 data-fontsize=\"80\" style=\"--fontSize:80; line-height: 1;\" data-lineheight=\"80px\" class=\"fusion-responsive-typography-calculated\"><b>What is <\/b><b>ANVISA License<\/b><b>?<\/b><\/h1>\n<p><span style=\"font-weight: 400;\">ANVISA (National Health Surveillance Agency) is a national sanitary surveillance agency, responsible for promoting the protection of health, intervening in the inappropriate use of substances, through the sanitary control of productions and products.<\/span><\/p>\n<p><span style=\"font-weight: 400;\">Sanitary surveillance comprises several actions that aim to eliminate and\/or reduce risks to the health of the population. In Brazil, all actions related to sanitary surveillance are carried out by ANVISA. ANVISA was founded on January 26, 1999, and is classified as a regulatory agency, in the form of an autarchy \u2013 that is, it is an autonomous body of public administration with juridical personality, acting in the sanitary control of national and imported products.<\/span><\/p>\n<p><span style=\"font-weight: 400;\">For <\/span><a href=\"https:\/\/passarini.com.br\/en\/portfolio-items\/anvisa-registration\/\"><span style=\"font-weight: 400;\">ANVISA consulting service<\/span><\/a><span style=\"font-weight: 400;\">, count on Passarini Group. <\/span><a href=\"https:\/\/passarini.com.br\/en\/contact\/\"><span style=\"font-weight: 400;\">Contact us now<\/span><\/a><span style=\"font-weight: 400;\">!<\/span><\/p>\n<h2 data-fontsize=\"46\" style=\"--fontSize:46; line-height: 1.25;\" data-lineheight=\"57.5px\" class=\"fusion-responsive-typography-calculated\"><b>Is <\/b><b>ANVISA License<\/b><b> Mandatory?<\/b><\/h2>\n<p><span style=\"font-weight: 400;\">In the case of importing medical devices, medicines, cosmetics, food or other items that might threaten public health, they need sanitary approval to be nationalized. In Brazil, th<\/span>ministrative treatment of these products indicates the need for an Anvisa Import License (LI ANVISA) carried out by ANVISA. With non-automatic licensing, the cargo will only be released after an inspector checks the information provided.<\/p>\n<h2 style=\"--fontSize:46; line-height: 1.25;\"><b>How to get an ANVISA License?<\/b><\/h2>\n<p><span style=\"font-weight: 400;\">One of the first steps to access ANVISA&#8217;s services is to register a company with ANVISA. The registration of companies at Anvisa is done through the Company Registration System and user registration through the Security System.<\/span><\/p>\n<p><span style=\"font-weight: 400;\">In addition to allowing the registration of the company, the system also requests the registration of users linked to the company, who will be responsible for accessing other ANVISA systems, with a team of experts for each area.<\/span><\/p>\n<h2 data-fontsize=\"46\" style=\"--fontSize:46; line-height: 1.25;\" data-lineheight=\"57.5px\" class=\"fusion-responsive-typography-calculated\"><b>Products For Personal Usage<\/b><\/h2>\n<p><span style=\"font-weight: 400;\">Since 2013, January, there&#8217;s no need to present an <\/span><span style=\"font-weight: 400;\">Anvisa License<\/span><span style=\"font-weight: 400;\"> for the importation of medicines, cosmetics, perfumes, hygiene and cleaning products, food, medical products and medicines for personal usage. The importation of these products is recognized by Anvisa as Importa\u00e7\u00e3o para Consumo Pessoal \u2013 importation for personal usage.<\/span><\/p>\n<p><span style=\"font-weight: 400;\">If these products were imported in large quantities the importer must request an import permit to GIPAF (Ger\u00eancia de Inspe\u00e7\u00e3o de Produtos e Autoriza\u00e7\u00e3o de Empresas em Portos, Aeroportos, Fronteiras e Recintos Alfandegados) and if the permit was granted the importation can continue.<\/span><\/p>\n<h2 data-fontsize=\"46\" style=\"--fontSize:46; line-height: 1.25;\" data-lineheight=\"57.5px\" class=\"fusion-responsive-typography-calculated\"><b>Products For Professional Usage<\/b><\/h2>\n<p><span style=\"font-weight: 400;\">If the product will be imported for usage in professional situations by a registered and qualified individual, it must follow the same steps presented above for the importation of health products for personal usage. The only particularity of this process is that the qualified individual must be registered in a health competent body recognized by Anvisa.<\/span><\/p>\n<h2 data-fontsize=\"46\" style=\"--fontSize:46; line-height: 1.25;\" data-lineheight=\"57.5px\" class=\"fusion-responsive-typography-calculated\"><b>Products For Commercialization<\/b><\/h2>\n<p><span style=\"font-weight: 400;\">The rules for each type of product monitored by Anvisa are different, varying from product to product. But usually the documentation below is always requested for every product subjected to Anvisa Licensing, but remember that, depending on the product, other documentation can also be requested.<\/span><\/p>\n<ul>\n<li style=\"font-weight: 400;\" aria-level=\"1\"><span style=\"font-weight: 400;\">Petition for Sanitary Supervision and Release (copy)<\/span><\/li>\n<li style=\"font-weight: 400;\" aria-level=\"1\"><span style=\"font-weight: 400;\">Union Collection Guide \u2013 GRU \u2013 (original)<\/span><\/li>\n<li style=\"font-weight: 400;\" aria-level=\"1\"><span style=\"font-weight: 400;\">Authorization for physical inspection<\/span><\/li>\n<li style=\"font-weight: 400;\" aria-level=\"1\"><span style=\"font-weight: 400;\">Commercial Invoice<\/span><\/li>\n<li style=\"font-weight: 400;\" aria-level=\"1\"><span style=\"font-weight: 400;\">Load Recognition of the Load embarked<\/span><\/li>\n<li style=\"font-weight: 400;\" aria-level=\"1\"><span style=\"font-weight: 400;\">Declaration informing the batches and the date of departures<\/span><\/li>\n<li style=\"font-weight: 400;\" aria-level=\"1\"><span style=\"font-weight: 400;\">Analytical Report of Quality Control of the finished product, by batch or departure, issued by the manufacturer<\/span><\/li>\n<li style=\"font-weight: 400;\" aria-level=\"1\"><span style=\"font-weight: 400;\">Power of attorney of the legal entity holding the regularization of the product at Anvisa to the legal representative, responsible for customs clearance.<\/span><\/li>\n<\/ul>\n<h2 data-fontsize=\"46\" style=\"--fontSize:46; line-height: 1.25;\" data-lineheight=\"57.5px\" class=\"fusion-responsive-typography-calculated\"><b>Products For Scientific Research<\/b><\/h2>\n<p><span style=\"font-weight: 400;\">Products for scientific and technological research can only be imported, when performed by a scientist\/ researcher and\/or by a scientific and technological institution duly accredited by CNPq \u2013 National Counsel of Technological and Scientific Development. The products designated for scientific research and subjected to the <\/span><span style=\"font-weight: 400;\">Anvisa Licensing<\/span><span style=\"font-weight: 400;\"> can be imported to Brazil in two different ways:<\/span><\/p>\n<h3 data-fontsize=\"22\" style=\"--fontSize:22; line-height: 2.2; --minFontSize:22;\" data-lineheight=\"48.4px\" class=\"fusion-responsive-typography-calculated\"><b>Through SISCOMEX<\/b><\/h3>\n<ul>\n<li style=\"font-weight: 400;\" aria-level=\"1\"><span style=\"font-weight: 400;\">Petition\/ Responsibility Term manual or electronic<\/span><\/li>\n<li style=\"font-weight: 400;\" aria-level=\"1\"><span style=\"font-weight: 400;\">Union Collection Guide (GRU)<\/span><\/li>\n<li style=\"font-weight: 400;\" aria-level=\"1\"><span style=\"font-weight: 400;\">LI or LSI (copy)<\/span><\/li>\n<li style=\"font-weight: 400;\" aria-level=\"1\"><span style=\"font-weight: 400;\">Load Recognition (copy)<\/span><\/li>\n<\/ul>\n<p><span style=\"font-weight: 400;\">After the accomplishment of the legal requirements, the approval of the product LI \/ LSI will occur within 24 hours.<\/span><\/p>\n<h3 data-fontsize=\"22\" style=\"--fontSize:22; line-height: 2.2; --minFontSize:22;\" data-lineheight=\"48.4px\" class=\"fusion-responsive-typography-calculated\"><b>Through Mail Remittance<\/b><\/h3>\n<ul>\n<li style=\"font-weight: 400;\" aria-level=\"1\"><span style=\"font-weight: 400;\">Petition\/ Responsibility Term manual or electronic<\/span><\/li>\n<li style=\"font-weight: 400;\" aria-level=\"1\"><span style=\"font-weight: 400;\">Union Collection Guide (GRU)<\/span><\/li>\n<li style=\"font-weight: 400;\" aria-level=\"1\"><span style=\"font-weight: 400;\">LSI (copy)<\/span><\/li>\n<li style=\"font-weight: 400;\" aria-level=\"1\"><span style=\"font-weight: 400;\">Load Recognition (copy).<\/span><\/li>\n<\/ul>\n<p><span style=\"font-weight: 400;\">After the accomplishment of the legal requirements, the approval of the product LSI will occur within 24 hours.<\/span><\/p>\n<p><span style=\"font-weight: 400;\">For <\/span><span style=\"font-weight: 400;\">ANVISA consulting service<\/span><span style=\"font-weight: 400;\">, count on Passarini Group. <\/span><a href=\"https:\/\/passarini.com.br\/en\/contact\/\"><span style=\"font-weight: 400;\">Contact us now<\/span><\/a><span style=\"font-weight: 400;\">!<\/span><\/p>\n<h2 data-fontsize=\"46\" style=\"--fontSize:46; line-height: 1.25;\" data-lineheight=\"57.5px\" class=\"fusion-responsive-typography-calculated\"><b>Who can help me get the <\/b><b>ANVISA Certificate<\/b><b>?<\/b><\/h2>\n<p><span style=\"font-weight: 400;\">For <\/span><span style=\"font-weight: 400;\">ANVISA consulting service<\/span><span style=\"font-weight: 400;\">, count on Passarini Group, our experience in this market will bring you the shortest path in this adaptation\/compliance process. We at Passarini Group know the legislation, and we know how to adapt your products in the most efficient way so that good manufacturing practices are successfully implemented and followed in your business.<\/span><\/p>\n<p><span style=\"font-weight: 400;\">Bring your project to us and we will provide you with a proposal to enable your sales in the Brazilian market. Our specialists will be able to help you with submissions in all of ANVISA&#8217;s departments (equipment, cosmetics, medicines, etc.), regardless of the risk. <\/span><a href=\"https:\/\/passarini.com.br\/en\/contact\/\"><span style=\"font-weight: 400;\">Contact us<\/span><\/a><span style=\"font-weight: 400;\"> so that we can present our services!<\/span><\/p>\n<\/div><div class=\"fusion-sep-clear\"><\/div><div class=\"fusion-separator fusion-full-width-sep\" style=\"margin-left: auto;margin-right: auto;margin-top:30px;width:100%;\"><\/div><div class=\"fusion-sep-clear\"><\/div><div class=\"fusion-clearfix\"><\/div><\/div><\/div><div class=\"fusion-layout-column fusion_builder_column fusion-builder-column-1 fusion_builder_column_1_3 1_3 fusion-one-third fusion-column-last\" style=\"--awb-padding-top:30px;--awb-padding-right:30px;--awb-padding-bottom:30px;--awb-padding-left:30px;--awb-bg-color:#ffffff;--awb-bg-color-hover:#ffffff;--awb-bg-size:cover;--awb-border-color:#dddddd;--awb-border-top:1px;--awb-border-right:1px;--awb-border-bottom:1px;--awb-border-left:1px;--awb-border-style:solid;width:30.6666%;\"><div class=\"fusion-column-wrapper fusion-flex-column-wrapper-legacy\"><div class=\"fusion-widget-area awb-widget-area-element fusion-widget-area-1 fusion-content-widget-area\" style=\"--awb-title-size:18px;--awb-title-color:#333c4e;--awb-padding:0px 0px 0px 0px;\"><div id=\"nav_menu-5\" class=\"widget widget_nav_menu\"><div class=\"heading\"><h4 class=\"widget-title\">Services<\/h4><\/div><div class=\"menu-servicos-brasil-ingles-container\"><ul id=\"menu-servicos-brasil-ingles\" class=\"menu\"><li id=\"menu-item-2359\" class=\"menu-item menu-item-type-post_type menu-item-object-page menu-item-2359\"><a href=\"https:\/\/passarini.com.br\/en\/brazil\/market-analysis-health-regulation\/\">Market Analysis &#8211; Health Regulation<\/a><\/li>\n<li id=\"menu-item-2360\" class=\"menu-item menu-item-type-post_type menu-item-object-page menu-item-2360\"><a href=\"https:\/\/passarini.com.br\/en\/brazil\/notivisa\/\">NOTIVISA<\/a><\/li>\n<li id=\"menu-item-2362\" class=\"menu-item menu-item-type-post_type menu-item-object-page menu-item-2362\"><a href=\"https:\/\/passarini.com.br\/en\/brazil\/audits-in-conformity-with-the-qms\/\">Audits in conformity with the QMS<\/a><\/li>\n<li id=\"menu-item-2363\" class=\"menu-item menu-item-type-post_type menu-item-object-page menu-item-2363\"><a href=\"https:\/\/passarini.com.br\/en\/brazil\/quality-management-systems-iso-13485\/\">Quality Management Systems ISO 13485<\/a><\/li>\n<\/ul><\/div><\/div><div class=\"fusion-additional-widget-content\"><\/div><\/div><div class=\"fusion-widget-area awb-widget-area-element fusion-widget-area-2 fusion-content-widget-area\" style=\"--awb-title-size:18px;--awb-title-color:#333c4e;--awb-padding:0px 0px 0px 0px;\"><div id=\"nav_menu-4\" class=\"widget widget_nav_menu\"><div class=\"heading\"><h4 class=\"widget-title\">Market<\/h4><\/div><div class=\"menu-paises-ingles-container\"><ul id=\"menu-paises-ingles\" class=\"menu\"><li id=\"menu-item-2364\" class=\"menu-item menu-item-type-post_type menu-item-object-page menu-item-2364\"><a href=\"https:\/\/passarini.com.br\/en\/brazil\/\">Brazil<\/a><\/li>\n<li id=\"menu-item-2365\" class=\"menu-item menu-item-type-post_type menu-item-object-page menu-item-2365\"><a href=\"https:\/\/passarini.com.br\/en\/united-states-of-america\/\">United States of America<\/a><\/li>\n<li id=\"menu-item-2367\" class=\"menu-item menu-item-type-post_type menu-item-object-page menu-item-2367\"><a href=\"https:\/\/passarini.com.br\/en\/europe\/\">Europe<\/a><\/li>\n<li id=\"menu-item-9942\" class=\"menu-item menu-item-type-post_type menu-item-object-page menu-item-9942\"><a href=\"https:\/\/passarini.com.br\/en\/bolivia\/\">Bolivia<\/a><\/li>\n<li id=\"menu-item-2369\" class=\"menu-item menu-item-type-post_type menu-item-object-page menu-item-2369\"><a href=\"https:\/\/passarini.com.br\/en\/colombia\/\">Colombia<\/a><\/li>\n<li id=\"menu-item-2368\" class=\"menu-item menu-item-type-post_type menu-item-object-page menu-item-2368\"><a href=\"https:\/\/passarini.com.br\/en\/mexico-regulatory-services\/\">Consulting Services for Mexico<\/a><\/li>\n<li id=\"menu-item-2370\" class=\"menu-item menu-item-type-post_type menu-item-object-page menu-item-2370\"><a href=\"https:\/\/passarini.com.br\/en\/peru-consulting-services\/\">Peru<\/a><\/li>\n<li id=\"menu-item-11182\" class=\"menu-item menu-item-type-post_type menu-item-object-page menu-item-11182\"><a href=\"https:\/\/passarini.com.br\/en\/argentina\/\">Argentina<\/a><\/li>\n<li id=\"menu-item-11180\" class=\"menu-item menu-item-type-post_type menu-item-object-page menu-item-11180\"><a href=\"https:\/\/passarini.com.br\/en\/uruguay\/\">Uruguay<\/a><\/li>\n<li id=\"menu-item-11181\" class=\"menu-item menu-item-type-post_type menu-item-object-page menu-item-11181\"><a href=\"https:\/\/passarini.com.br\/en\/costa-rica\/\">Costa Rica<\/a><\/li>\n<li id=\"menu-item-8768\" class=\"menu-item menu-item-type-post_type menu-item-object-page menu-item-8768\"><a href=\"https:\/\/passarini.com.br\/en\/ecuador-2\/\">Ecuador<\/a><\/li>\n<\/ul><\/div><\/div><div class=\"fusion-additional-widget-content\"><\/div><\/div><div class=\"fusion-clearfix\"><\/div><\/div><\/div><\/div><\/div>\n","protected":false},"excerpt":{"rendered":"","protected":false},"author":2,"featured_media":0,"parent":1798,"menu_order":0,"comment_status":"closed","ping_status":"closed","template":"100-width.php","meta":{"footnotes":""},"class_list":["post-7130","page","type-page","status-publish","hentry"],"_links":{"self":[{"href":"https:\/\/passarini.com.br\/en\/wp-json\/wp\/v2\/pages\/7130","targetHints":{"allow":["GET"]}}],"collection":[{"href":"https:\/\/passarini.com.br\/en\/wp-json\/wp\/v2\/pages"}],"about":[{"href":"https:\/\/passarini.com.br\/en\/wp-json\/wp\/v2\/types\/page"}],"author":[{"embeddable":true,"href":"https:\/\/passarini.com.br\/en\/wp-json\/wp\/v2\/users\/2"}],"replies":[{"embeddable":true,"href":"https:\/\/passarini.com.br\/en\/wp-json\/wp\/v2\/comments?post=7130"}],"version-history":[{"count":4,"href":"https:\/\/passarini.com.br\/en\/wp-json\/wp\/v2\/pages\/7130\/revisions"}],"predecessor-version":[{"id":7455,"href":"https:\/\/passarini.com.br\/en\/wp-json\/wp\/v2\/pages\/7130\/revisions\/7455"}],"up":[{"embeddable":true,"href":"https:\/\/passarini.com.br\/en\/wp-json\/wp\/v2\/pages\/1798"}],"wp:attachment":[{"href":"https:\/\/passarini.com.br\/en\/wp-json\/wp\/v2\/media?parent=7130"}],"curies":[{"name":"wp","href":"https:\/\/api.w.org\/{rel}","templated":true}]}}